{"id":29,"date":"2019-02-02T03:04:29","date_gmt":"2019-02-01T19:04:29","guid":{"rendered":"http:\/\/dajiale-berlin.de\/neu\/?page_id=29"},"modified":"2019-02-02T03:04:29","modified_gmt":"2019-02-01T19:04:29","slug":"impressum","status":"publish","type":"page","link":"https:\/\/dajiale-berlin.de\/?page_id=29","title":{"rendered":"Impressum"},"content":{"rendered":"\n<p>Da Jia Le China Restaurant<br>Goebenstra\u00dfe 23<br>10783 Berlin<\/p>\n\n\n\n<p>Tel.: 030\/ 214 597 45<\/p>\n\n\n\n<p>Contentinhalt<br>Wir \u00fcbernehmen keinerlei Gew\u00e4hr f\u00fcr die Aktualit\u00e4t, Korrektheit, Vollst\u00e4ndigkeit oder Qualit\u00e4t der bereitgestellten Informationen. Haftungsanspr\u00fcche gegen uns, welche sich auf Sch\u00e4den materieller oder ideeller Art beziehen, die durch die Nutzung oder Nichtnutzung der dar- gebotenen Informationen bzw. durch die Nutzung fehlerhafter und unvollst\u00e4ndiger Informationen verursacht wurden, sind grunds\u00e4tzlich ausgeschlossen, sofern gesetzlich nicht zwingend gehaftet wird. Alle Angebote sind freibleibend und unverbindlich. Wir behalten uns ausdr\u00fccklich vor, Teile der Seiten oder das gesamte Angebot ohne gesonderte Ank\u00fcndigung zu ver\u00e4ndern, zu erg\u00e4nzen, zu l\u00f6schen oder die Ver\u00f6ffentlichung zeitweise oder endg\u00fcltig einzustellen.<\/p>\n\n\n\n<p>Copyright<br>Alles unterliegt dem Urheberrecht und anderen Gesetzen zum Schutz geistigen Eigentums. Die Verwendung, Speicherung sowie Vervielf\u00e4ltigung der auf dieser Website verwendeten Logos, Grafiken, Texte, Bilder und deren Arrangements bedarf der vorherigen Zustimmung.<\/p>\n\n\n\n<p>Haftungshinweis<br>Trotz sorgf\u00e4ltiger inhaltlicher Kontrolle \u00fcbernehemen wir keine Haftung f\u00fcr die Inhalte externer Links. F\u00fcr den Inhalt der verlinkten Seiten sind ausschlie\u00dflich deren Betreiber verantwortlich.<\/p>\n","protected":false},"excerpt":{"rendered":"<p>Da Jia Le China RestaurantGoebenstra\u00dfe 2310783 Berlin T&#8230;<\/p>\n","protected":false},"author":1,"featured_media":0,"parent":0,"menu_order":0,"comment_status":"closed","ping_status":"closed","template":"","meta":{"footnotes":""},"class_list":["post-29","page","type-page","status-publish","hentry"],"_links":{"self":[{"href":"https:\/\/dajiale-berlin.de\/index.php?rest_route=\/wp\/v2\/pages\/29","targetHints":{"allow":["GET"]}}],"collection":[{"href":"https:\/\/dajiale-berlin.de\/index.php?rest_route=\/wp\/v2\/pages"}],"about":[{"href":"https:\/\/dajiale-berlin.de\/index.php?rest_route=\/wp\/v2\/types\/page"}],"author":[{"embeddable":true,"href":"https:\/\/dajiale-berlin.de\/index.php?rest_route=\/wp\/v2\/users\/1"}],"replies":[{"embeddable":true,"href":"https:\/\/dajiale-berlin.de\/index.php?rest_route=%2Fwp%2Fv2%2Fcomments&post=29"}],"version-history":[{"count":1,"href":"https:\/\/dajiale-berlin.de\/index.php?rest_route=\/wp\/v2\/pages\/29\/revisions"}],"predecessor-version":[{"id":30,"href":"https:\/\/dajiale-berlin.de\/index.php?rest_route=\/wp\/v2\/pages\/29\/revisions\/30"}],"wp:attachment":[{"href":"https:\/\/dajiale-berlin.de\/index.php?rest_route=%2Fwp%2Fv2%2Fmedia&parent=29"}],"curies":[{"name":"wp","href":"https:\/\/api.w.org\/{rel}","templated":true}]}}