{"id":36,"date":"2019-02-02T03:14:51","date_gmt":"2019-02-01T19:14:51","guid":{"rendered":"http:\/\/dajiale-berlin.de\/neu\/?page_id=36"},"modified":"2025-11-21T21:19:31","modified_gmt":"2025-11-21T20:19:31","slug":"reservierung-kontakt","status":"publish","type":"page","link":"https:\/\/dajiale-berlin.de\/?page_id=36","title":{"rendered":"Reservierung\/Kontakt"},"content":{"rendered":"<h3>Kontakt:<\/h3>\n<p>Tel:\u00a0030 &#8211; 21459745<br \/>\nE-Mail: dajiale.berlin [*at*] gmail.com<\/p>\n<p>T\u00e4glich ge\u00f6ffnet von 12:00 &#8211; 23:00 au\u00dfer Montag und Dienstag (16:00 &#8211; 23:00)<\/p>\n<p>Adresse: Goebenstra\u00dfe, 23 10783 Berlin<br \/>\nF\u00fcnf Minute von U-bahnhof \u00a0B\u00fclowstra\u00dfe.<\/p>\n","protected":false},"excerpt":{"rendered":"<p>Kontakt: Tel:\u00a0030 &#8211; 21459745 E-Mail: dajiale.berl&#8230;<\/p>\n","protected":false},"author":1,"featured_media":0,"parent":0,"menu_order":0,"comment_status":"closed","ping_status":"closed","template":"page-templates\/full-width.php","meta":{"footnotes":""},"class_list":["post-36","page","type-page","status-publish","hentry"],"_links":{"self":[{"href":"https:\/\/dajiale-berlin.de\/index.php?rest_route=\/wp\/v2\/pages\/36","targetHints":{"allow":["GET"]}}],"collection":[{"href":"https:\/\/dajiale-berlin.de\/index.php?rest_route=\/wp\/v2\/pages"}],"about":[{"href":"https:\/\/dajiale-berlin.de\/index.php?rest_route=\/wp\/v2\/types\/page"}],"author":[{"embeddable":true,"href":"https:\/\/dajiale-berlin.de\/index.php?rest_route=\/wp\/v2\/users\/1"}],"replies":[{"embeddable":true,"href":"https:\/\/dajiale-berlin.de\/index.php?rest_route=%2Fwp%2Fv2%2Fcomments&post=36"}],"version-history":[{"count":4,"href":"https:\/\/dajiale-berlin.de\/index.php?rest_route=\/wp\/v2\/pages\/36\/revisions"}],"predecessor-version":[{"id":366,"href":"https:\/\/dajiale-berlin.de\/index.php?rest_route=\/wp\/v2\/pages\/36\/revisions\/366"}],"wp:attachment":[{"href":"https:\/\/dajiale-berlin.de\/index.php?rest_route=%2Fwp%2Fv2%2Fmedia&parent=36"}],"curies":[{"name":"wp","href":"https:\/\/api.w.org\/{rel}","templated":true}]}}