{"id":86,"date":"2019-02-02T04:02:56","date_gmt":"2019-02-01T20:02:56","guid":{"rendered":"http:\/\/dajiale-berlin.de\/neu\/?page_id=86"},"modified":"2019-02-02T04:16:15","modified_gmt":"2019-02-01T20:16:15","slug":"uber-uns","status":"publish","type":"page","link":"https:\/\/dajiale-berlin.de\/?page_id=86","title":{"rendered":"\u00dcber Uns"},"content":{"rendered":"\n<h2 class=\"wp-block-heading\">\u00dcber Uns<\/h2>\n\n\n\n<p>Wir sind ein chinesisches Spezialit\u00e4tenrestaurant, das gro\u00dfen Wert auf original-chinesische Gerichte und gute und frische Zutaten legt. Als erstes und bislang einziges Restaurant in Berlin sind wir auf die faszinierende Dongbei-K\u00fcche des chinesischen Nordostens spezialisiert. Gepr\u00e4gt durch Handel, Migration und Eroberungen zeigt die Dongbei-K\u00fcche koreanische, mongolische, japanische und sogar russische Einfl\u00fcsse. Gro\u00dfe Portionen, eingelegter Chinakohl, herzhafte Eint\u00f6pfe und die Verwendung von Kartoffeln zeichnen die Dongbei-K\u00fcche aus. Auf der anderen Seite stehen frische und leichte Salate, Teigtaschen, leckere Auberginen- und Tofugerichte und Chun Bing \u2013 eine Art chinesischer Burrito.<\/p>\n\n\n\n<p>Lassen Sie sich durch unsere Chefk\u00f6che aus Liaoning verw\u00f6hnen und probieren und kombinieren Sie bekannte und original-chinesische Spezialit\u00e4ten wie frittierte Schweinescheiben s\u00fc\u00df-sauer, Schweinefleisch nach Peking-Art, gebratene Kartoffeln mit Aubergine und Paprika, ged\u00e4mpften Wolfsbarsch, Eintopf mit Schweinefleisch und Glasnudeln oder karamellisierte S\u00fc\u00dfkartoffeln!<\/p>\n\n\n\n<p>Da wir alle Gerichte frisch zubereiten und manche Gerichte eine aufw\u00e4ndige Zubereitung erfordern, bitten wir Sie um Geduld falls es einmal l\u00e4nger dauern sollte. Wenn Sie einen Sonderwunsch oder Fragen zur Zubereitung Ihres Gerichtes haben, fragen Sie uns. Wir stehen Ihnen gerne mit Rat und Tat zur Seite.<\/p>\n\n\n\n<p>Unsere Gastst\u00e4tte liegt am Bahnhof Yorckstra\u00dfe und B\u00fclowstra\u00dfe in Berlin. Wir bieten Ihnen ausreichend Pl\u00e4tze in gem\u00fctlicher Atmosph\u00e4re. Auch f\u00fcr gr\u00f6\u00dfere Familienfeiern oder Weihnachtsfeiern sind Sie bei uns richtig.<\/p>\n\n\n\t\t\t\t\t\t<div class=\"gallery_box_single\">\n\t\t\t\t\t\t\t\t\t\t\t\t\t\t\t<div class=\"gallery gllr_grid\" data-gllr-columns=\"3\" data-gllr-border-width=\"10\">\n\t\t\t\t\t\t\t\t\t\t\t\t\t\t\t\t\t\t\t\t<div class=\"gllr_image_row\">\n\t\t\t\t\t\t\t\t\t\t\t\t\t\t\t\t\t\t\t\t\t<div class=\"gllr_image_block\">\n\t\t\t\t\t\t\t\t\t\t\t\t<p style=\"\n\t\t\t\t\t\t\t\t\t\t\t\twidth:170px;height:170px;\t\t\t\t\t\t\t\t\t\t\t\t\">\n\t\t\t\t\t\t\t\t\t\t\t\t\t\t\t\t\t\t\t\t\t\t\t\t\t\t\t\t<a data-fancybox=\"gallery_fancybox_104\" href=\"https:\/\/dajiale-berlin.de\/wp-content\/uploads\/2019\/02\/dajia3.jpg\" title=\"\" >\n\t\t\t\t\t\t\t\t\t\t\t\t\t\t\t\t<img loading=\"lazy\" decoding=\"async\" width=\"150\" height=\"150\" style=\"width:150px; height:150px; border-width: 10px; border-color:#F1F1F1;border: 10px solid #F1F1F1\" alt=\"\" title=\"\" src=\"https:\/\/dajiale-berlin.de\/wp-content\/uploads\/2019\/02\/dajia3-150x150.jpg\" rel=\"https:\/\/dajiale-berlin.de\/wp-content\/uploads\/2019\/02\/dajia3.jpg\" \/>\t\t\t\t\t\t\t\t\t\t\t\t\t\t\t<\/a>\n\t\t\t\t\t\t\t\t\t\t\t\t\t\t\t\t\t\t\t\t\t\t\t\t\t\t<\/p>\n\t\t\t\t\t\t\t\t\t\t\t\t\t\t\t\t\t\t\t\t\t\t\t<\/div><!-- .gllr_image_block -->\n\t\t\t\t\t\t\t\t\t\t\t\t\t\t\t\t\t\t\t\t\t<div class=\"gllr_image_block\">\n\t\t\t\t\t\t\t\t\t\t\t\t<p style=\"\n\t\t\t\t\t\t\t\t\t\t\t\twidth:170px;height:170px;\t\t\t\t\t\t\t\t\t\t\t\t\">\n\t\t\t\t\t\t\t\t\t\t\t\t\t\t\t\t\t\t\t\t\t\t\t\t\t\t\t\t<a data-fancybox=\"gallery_fancybox_104\" href=\"https:\/\/dajiale-berlin.de\/wp-content\/uploads\/2019\/02\/K1024_2014-08-01-20.39.45-1024x768.jpg\" title=\"\" >\n\t\t\t\t\t\t\t\t\t\t\t\t\t\t\t\t<img loading=\"lazy\" decoding=\"async\" width=\"150\" height=\"150\" style=\"width:150px; height:150px; border-width: 10px; border-color:#F1F1F1;border: 10px solid #F1F1F1\" alt=\"\" title=\"\" src=\"https:\/\/dajiale-berlin.de\/wp-content\/uploads\/2019\/02\/K1024_2014-08-01-20.39.45-150x150.jpg\" rel=\"https:\/\/dajiale-berlin.de\/wp-content\/uploads\/2019\/02\/K1024_2014-08-01-20.39.45.jpg\" \/>\t\t\t\t\t\t\t\t\t\t\t\t\t\t\t<\/a>\n\t\t\t\t\t\t\t\t\t\t\t\t\t\t\t\t\t\t\t\t\t\t\t\t\t\t<\/p>\n\t\t\t\t\t\t\t\t\t\t\t\t\t\t\t\t\t\t\t\t\t\t\t<\/div><!-- .gllr_image_block -->\n\t\t\t\t\t\t\t\t\t\t\t\t\t\t\t\t\t\t\t\t\t<div class=\"gllr_image_block\">\n\t\t\t\t\t\t\t\t\t\t\t\t<p style=\"\n\t\t\t\t\t\t\t\t\t\t\t\twidth:170px;height:170px;\t\t\t\t\t\t\t\t\t\t\t\t\">\n\t\t\t\t\t\t\t\t\t\t\t\t\t\t\t\t\t\t\t\t\t\t\t\t\t\t\t\t<a data-fancybox=\"gallery_fancybox_104\" href=\"https:\/\/dajiale-berlin.de\/wp-content\/uploads\/2019\/02\/Da-Jia-Le-Berlin-Fish-620x350.jpg\" title=\"\" >\n\t\t\t\t\t\t\t\t\t\t\t\t\t\t\t\t<img loading=\"lazy\" decoding=\"async\" width=\"150\" height=\"150\" style=\"width:150px; height:150px; border-width: 10px; border-color:#F1F1F1;border: 10px solid #F1F1F1\" alt=\"\" title=\"\" src=\"https:\/\/dajiale-berlin.de\/wp-content\/uploads\/2019\/02\/Da-Jia-Le-Berlin-Fish-620x350-150x150.jpg\" rel=\"https:\/\/dajiale-berlin.de\/wp-content\/uploads\/2019\/02\/Da-Jia-Le-Berlin-Fish-620x350.jpg\" \/>\t\t\t\t\t\t\t\t\t\t\t\t\t\t\t<\/a>\n\t\t\t\t\t\t\t\t\t\t\t\t\t\t\t\t\t\t\t\t\t\t\t\t\t\t<\/p>\n\t\t\t\t\t\t\t\t\t\t\t\t\t\t\t\t\t\t\t\t\t\t\t<\/div><!-- .gllr_image_block -->\n\t\t\t\t\t\t\t\t\t\t\t\t\t\t\t\t\t\t\t\t\t<\/div><!-- .gllr_image_row -->\n\t\t\t\t\t\t\t\t\t\t\t\t\t\t\t\t\t\t\t\t\t\t<div class=\"gllr_image_row\">\n\t\t\t\t\t\t\t\t\t\t\t\t\t\t\t\t\t\t\t\t\t<div class=\"gllr_image_block\">\n\t\t\t\t\t\t\t\t\t\t\t\t<p style=\"\n\t\t\t\t\t\t\t\t\t\t\t\twidth:170px;height:170px;\t\t\t\t\t\t\t\t\t\t\t\t\">\n\t\t\t\t\t\t\t\t\t\t\t\t\t\t\t\t\t\t\t\t\t\t\t\t\t\t\t\t<a data-fancybox=\"gallery_fancybox_104\" href=\"https:\/\/dajiale-berlin.de\/wp-content\/uploads\/2019\/02\/K1024_IMGP0478-1024x768.jpg\" title=\"\" >\n\t\t\t\t\t\t\t\t\t\t\t\t\t\t\t\t<img loading=\"lazy\" decoding=\"async\" width=\"150\" height=\"150\" style=\"width:150px; height:150px; border-width: 10px; border-color:#F1F1F1;border: 10px solid #F1F1F1\" alt=\"\" title=\"\" src=\"https:\/\/dajiale-berlin.de\/wp-content\/uploads\/2019\/02\/K1024_IMGP0478-150x150.jpg\" rel=\"https:\/\/dajiale-berlin.de\/wp-content\/uploads\/2019\/02\/K1024_IMGP0478.jpg\" \/>\t\t\t\t\t\t\t\t\t\t\t\t\t\t\t<\/a>\n\t\t\t\t\t\t\t\t\t\t\t\t\t\t\t\t\t\t\t\t\t\t\t\t\t\t<\/p>\n\t\t\t\t\t\t\t\t\t\t\t\t\t\t\t\t\t\t\t\t\t\t\t<\/div><!-- .gllr_image_block -->\n\t\t\t\t\t\t\t\t\t\t\t\t\t\t\t\t\t\t\t\t\t<div class=\"gllr_image_block\">\n\t\t\t\t\t\t\t\t\t\t\t\t<p style=\"\n\t\t\t\t\t\t\t\t\t\t\t\twidth:170px;height:170px;\t\t\t\t\t\t\t\t\t\t\t\t\">\n\t\t\t\t\t\t\t\t\t\t\t\t\t\t\t\t\t\t\t\t\t\t\t\t\t\t\t\t<a data-fancybox=\"gallery_fancybox_104\" href=\"https:\/\/dajiale-berlin.de\/wp-content\/uploads\/2019\/02\/K1024_IMGP0209-300x225-1.jpg\" title=\"\" >\n\t\t\t\t\t\t\t\t\t\t\t\t\t\t\t\t<img loading=\"lazy\" decoding=\"async\" width=\"150\" height=\"150\" style=\"width:150px; height:150px; border-width: 10px; border-color:#F1F1F1;border: 10px solid #F1F1F1\" alt=\"\" title=\"\" src=\"https:\/\/dajiale-berlin.de\/wp-content\/uploads\/2019\/02\/K1024_IMGP0209-300x225-1-150x150.jpg\" rel=\"https:\/\/dajiale-berlin.de\/wp-content\/uploads\/2019\/02\/K1024_IMGP0209-300x225-1.jpg\" \/>\t\t\t\t\t\t\t\t\t\t\t\t\t\t\t<\/a>\n\t\t\t\t\t\t\t\t\t\t\t\t\t\t\t\t\t\t\t\t\t\t\t\t\t\t<\/p>\n\t\t\t\t\t\t\t\t\t\t\t\t\t\t\t\t\t\t\t\t\t\t\t<\/div><!-- .gllr_image_block -->\n\t\t\t\t\t\t\t\t\t\t\t\t\t\t\t\t\t\t\t\t\t<div class=\"gllr_image_block\">\n\t\t\t\t\t\t\t\t\t\t\t\t<p style=\"\n\t\t\t\t\t\t\t\t\t\t\t\twidth:170px;height:170px;\t\t\t\t\t\t\t\t\t\t\t\t\">\n\t\t\t\t\t\t\t\t\t\t\t\t\t\t\t\t\t\t\t\t\t\t\t\t\t\t\t\t<a data-fancybox=\"gallery_fancybox_104\" href=\"https:\/\/dajiale-berlin.de\/wp-content\/uploads\/2019\/02\/K1024_2014-08-01-20.16.33-1024x768.jpg\" title=\"\" >\n\t\t\t\t\t\t\t\t\t\t\t\t\t\t\t\t<img loading=\"lazy\" decoding=\"async\" width=\"150\" height=\"150\" style=\"width:150px; height:150px; border-width: 10px; border-color:#F1F1F1;border: 10px solid #F1F1F1\" alt=\"\" title=\"\" src=\"https:\/\/dajiale-berlin.de\/wp-content\/uploads\/2019\/02\/K1024_2014-08-01-20.16.33-150x150.jpg\" rel=\"https:\/\/dajiale-berlin.de\/wp-content\/uploads\/2019\/02\/K1024_2014-08-01-20.16.33.jpg\" \/>\t\t\t\t\t\t\t\t\t\t\t\t\t\t\t<\/a>\n\t\t\t\t\t\t\t\t\t\t\t\t\t\t\t\t\t\t\t\t\t\t\t\t\t\t<\/p>\n\t\t\t\t\t\t\t\t\t\t\t\t\t\t\t\t\t\t\t\t\t\t\t<\/div><!-- .gllr_image_block -->\n\t\t\t\t\t\t\t\t\t\t\t\t\t\t\t\t\t\t\t\t\t<\/div><!-- .gllr_image_row -->\n\t\t\t\t\t\t\t\t\t\t\t\t\t\t\t\t\t\t\t\t\t\t<div class=\"gllr_image_row\">\n\t\t\t\t\t\t\t\t\t\t\t\t\t\t\t\t\t\t\t\t\t<div class=\"gllr_image_block\">\n\t\t\t\t\t\t\t\t\t\t\t\t<p style=\"\n\t\t\t\t\t\t\t\t\t\t\t\twidth:170px;height:170px;\t\t\t\t\t\t\t\t\t\t\t\t\">\n\t\t\t\t\t\t\t\t\t\t\t\t\t\t\t\t\t\t\t\t\t\t\t\t\t\t\t\t<a data-fancybox=\"gallery_fancybox_104\" href=\"https:\/\/dajiale-berlin.de\/wp-content\/uploads\/2019\/02\/K1024_IMGP0524-1024x768.jpg\" title=\"\" >\n\t\t\t\t\t\t\t\t\t\t\t\t\t\t\t\t<img loading=\"lazy\" decoding=\"async\" width=\"150\" height=\"150\" style=\"width:150px; height:150px; border-width: 10px; border-color:#F1F1F1;border: 10px solid #F1F1F1\" alt=\"\" title=\"\" src=\"https:\/\/dajiale-berlin.de\/wp-content\/uploads\/2019\/02\/K1024_IMGP0524-150x150.jpg\" rel=\"https:\/\/dajiale-berlin.de\/wp-content\/uploads\/2019\/02\/K1024_IMGP0524.jpg\" \/>\t\t\t\t\t\t\t\t\t\t\t\t\t\t\t<\/a>\n\t\t\t\t\t\t\t\t\t\t\t\t\t\t\t\t\t\t\t\t\t\t\t\t\t\t<\/p>\n\t\t\t\t\t\t\t\t\t\t\t\t\t\t\t\t\t\t\t\t\t\t\t<\/div><!-- .gllr_image_block -->\n\t\t\t\t\t\t\t\t\t\t\t\t\t\t\t\t\t\t\t\t\t<div class=\"gllr_image_block\">\n\t\t\t\t\t\t\t\t\t\t\t\t<p style=\"\n\t\t\t\t\t\t\t\t\t\t\t\twidth:170px;height:170px;\t\t\t\t\t\t\t\t\t\t\t\t\">\n\t\t\t\t\t\t\t\t\t\t\t\t\t\t\t\t\t\t\t\t\t\t\t\t\t\t\t\t<a data-fancybox=\"gallery_fancybox_104\" href=\"https:\/\/dajiale-berlin.de\/wp-content\/uploads\/2019\/02\/K1024_IMGP0537-1024x768.jpg\" title=\"\" >\n\t\t\t\t\t\t\t\t\t\t\t\t\t\t\t\t<img loading=\"lazy\" decoding=\"async\" width=\"150\" height=\"150\" style=\"width:150px; height:150px; border-width: 10px; border-color:#F1F1F1;border: 10px solid #F1F1F1\" alt=\"\" title=\"\" src=\"https:\/\/dajiale-berlin.de\/wp-content\/uploads\/2019\/02\/K1024_IMGP0537-150x150.jpg\" rel=\"https:\/\/dajiale-berlin.de\/wp-content\/uploads\/2019\/02\/K1024_IMGP0537.jpg\" \/>\t\t\t\t\t\t\t\t\t\t\t\t\t\t\t<\/a>\n\t\t\t\t\t\t\t\t\t\t\t\t\t\t\t\t\t\t\t\t\t\t\t\t\t\t<\/p>\n\t\t\t\t\t\t\t\t\t\t\t\t\t\t\t\t\t\t\t\t\t\t\t<\/div><!-- .gllr_image_block -->\n\t\t\t\t\t\t\t\t\t\t\t\t\t\t\t\t\t\t\t\t\t<div class=\"gllr_image_block\">\n\t\t\t\t\t\t\t\t\t\t\t\t<p style=\"\n\t\t\t\t\t\t\t\t\t\t\t\twidth:170px;height:170px;\t\t\t\t\t\t\t\t\t\t\t\t\">\n\t\t\t\t\t\t\t\t\t\t\t\t\t\t\t\t\t\t\t\t\t\t\t\t\t\t\t\t<a data-fancybox=\"gallery_fancybox_104\" href=\"https:\/\/dajiale-berlin.de\/wp-content\/uploads\/2019\/02\/K1024_IMGP0593-1024x768.jpg\" title=\"\" >\n\t\t\t\t\t\t\t\t\t\t\t\t\t\t\t\t<img loading=\"lazy\" decoding=\"async\" width=\"150\" height=\"150\" style=\"width:150px; height:150px; border-width: 10px; border-color:#F1F1F1;border: 10px solid #F1F1F1\" alt=\"\" title=\"\" src=\"https:\/\/dajiale-berlin.de\/wp-content\/uploads\/2019\/02\/K1024_IMGP0593-150x150.jpg\" rel=\"https:\/\/dajiale-berlin.de\/wp-content\/uploads\/2019\/02\/K1024_IMGP0593.jpg\" \/>\t\t\t\t\t\t\t\t\t\t\t\t\t\t\t<\/a>\n\t\t\t\t\t\t\t\t\t\t\t\t\t\t\t\t\t\t\t\t\t\t\t\t\t\t<\/p>\n\t\t\t\t\t\t\t\t\t\t\t\t\t\t\t\t\t\t\t\t\t\t\t<\/div><!-- .gllr_image_block -->\n\t\t\t\t\t\t\t\t\t\t\t\t\t\t\t\t\t\t\t\t\t<\/div><!-- .gllr_image_row -->\n\t\t\t\t\t\t\t\t\t\t\t\t\t\t\t\t\t\t\t<\/div><!-- .gallery.clearfix -->\n\t\t\t\t\t\t\t\t\t\t\t\t\t\t<\/div><!-- .gallery_box_single -->\n\t\t\t\t\t\t<div class=\"gllr_clear\"><\/div>\n\t\t\t\t\t\t\n","protected":false},"excerpt":{"rendered":"<p>\u00dcber Uns Wir sind ein chinesisches Spezialit\u00e4tenrestaur&#8230;<\/p>\n","protected":false},"author":1,"featured_media":0,"parent":0,"menu_order":0,"comment_status":"closed","ping_status":"closed","template":"","meta":{"footnotes":""},"class_list":["post-86","page","type-page","status-publish","hentry"],"_links":{"self":[{"href":"https:\/\/dajiale-berlin.de\/index.php?rest_route=\/wp\/v2\/pages\/86","targetHints":{"allow":["GET"]}}],"collection":[{"href":"https:\/\/dajiale-berlin.de\/index.php?rest_route=\/wp\/v2\/pages"}],"about":[{"href":"https:\/\/dajiale-berlin.de\/index.php?rest_route=\/wp\/v2\/types\/page"}],"author":[{"embeddable":true,"href":"https:\/\/dajiale-berlin.de\/index.php?rest_route=\/wp\/v2\/users\/1"}],"replies":[{"embeddable":true,"href":"https:\/\/dajiale-berlin.de\/index.php?rest_route=%2Fwp%2Fv2%2Fcomments&post=86"}],"version-history":[{"count":2,"href":"https:\/\/dajiale-berlin.de\/index.php?rest_route=\/wp\/v2\/pages\/86\/revisions"}],"predecessor-version":[{"id":105,"href":"https:\/\/dajiale-berlin.de\/index.php?rest_route=\/wp\/v2\/pages\/86\/revisions\/105"}],"wp:attachment":[{"href":"https:\/\/dajiale-berlin.de\/index.php?rest_route=%2Fwp%2Fv2%2Fmedia&parent=86"}],"curies":[{"name":"wp","href":"https:\/\/api.w.org\/{rel}","templated":true}]}}